{"id":12065,"date":"2018-05-22T23:15:18","date_gmt":"2018-05-22T23:15:18","guid":{"rendered":"http:\/\/www.afitecol.com\/?page_id=12065"},"modified":"2020-05-15T02:33:38","modified_gmt":"2020-05-15T07:33:38","slug":"decalogo1","status":"publish","type":"page","link":"https:\/\/www.afitecol.com\/?page_id=12065","title":{"rendered":"Dec\u00e1logo"},"content":{"rendered":"<p>Los siguientes son los preceptos o las normas que se consideran b\u00e1sicos para ejercer bien la actividad como Filatelista. T\u00e9nlos muy en cuenta!<\/p>\n<ol>\n<li><strong>Todas las estampillas que incorpores a tu colecci\u00f3n deben ser perfectas:<\/strong> esto es con el dentado completo, sin roturas, sin arrugas, sin peladuras, sin manchas; los matasellos deben ser leves y no deben tapar las figuras ni las inscripciones. S\u00f3lo pueden exceptuarse de esta regla aquellos ejemplares muy antiguos y valiosos.<br \/>\n<hr \/>\n<\/li>\n<li><strong>Si vas a canjear, elije entre aquellos que te merezcan confianza:<\/strong> por tu parte, se honesto en tus transacciones para exigir la compensaci\u00f3n y para que el canje sea el origen de una cordial amistad.<br \/>\n<hr \/>\n<\/li>\n<li><strong>Usa siempre buenos fijasellos y adhiere las estampillas usadas con poca agua:<\/strong> evita que las estampillas se peguen al papel, para ello, espera que se sequen antes de cerrar el \u00e1lbum.<br \/>\n<hr \/>\n<\/li>\n<li><strong>Cuida tus estampillas:<\/strong> no olvides que aparte de la satisfacci\u00f3n de un entretenimiento sano y agradable las estampillas son \u00abvalores\u00bb y constituyen una inversi\u00f3n, que siempre acrecienta su valor y que un d\u00eda cualquiera puedes necesitar convertirlos a dinero.<br \/>\n<hr \/>\n<\/li>\n<li><strong>As\u00f3ciate a un club filat\u00e9lico que te merezca confianza:<\/strong> asiste a sus reuniones, participa de sus inquietudes y as\u00ed estar\u00e1s al tanto de noticias y novedades y podr\u00e1s orientar tu afici\u00f3n en la forma m\u00e1s conveniente, aprovechando la experiencia de otros.<br \/>\n<hr \/>\n<\/li>\n<li><strong>Si eres principiante, define bien el tema de tu colecci\u00f3n y especial\u00edzate:<\/strong> la colecci\u00f3n general es dif\u00edcil y muy costosa en la actualidad, dado el n\u00famero elevado de estampillas emitidas, por lo tanto es una muy buena idea escoger una tem\u00e1tica, que se acerque mucho a tus posibilidades como principiante y te permita desarrollar tu idea.<br \/>\n<hr \/>\n<\/li>\n<li><strong>Usa siempre un cat\u00e1logo para la clasificaci\u00f3n de tus estampillas y para tus canjes:<\/strong> con esto evitar\u00e1s ser sorprendido, por alguien que quiera enga\u00f1arte.<br \/>\n<hr \/>\n<\/li>\n<li><strong>Compra tus estampillas en casas o sitios de confianza:<\/strong> huye de lo excesivamente barato, que a veces sale caro.<br \/>\n<hr \/>\n<\/li>\n<li><strong>Colecciona sobres con matasellos de primer d\u00eda:<\/strong> as\u00ed ilustrar\u00e1s tu colecci\u00f3n con los acontecimientos m\u00e1s sobresalientes.<br \/>\n<hr \/>\n<\/li>\n<li><strong>Balancea tus gastos filat\u00e9licos con tus posibilidades econ\u00f3micas:<\/strong> lo contrario ser\u00eda convertir un agradable entretenimiento en un vicio que, como todos los vicios, s\u00f3lo crea dificultades a quien se entrega a \u00e9l.<\/li>\n<\/ol>\n","protected":false},"excerpt":{"rendered":"<p>Los siguientes son los preceptos o las normas que se consideran b\u00e1sicos para ejercer bien la actividad como Filatelista. T\u00e9nlos muy en cuenta! Todas las estampillas que incorpores a tu colecci\u00f3n deben ser perfectas: esto es con el dentado completo, sin roturas, sin arrugas, sin peladuras, sin manchas; los matasellos deben ser leves y no &hellip; <a href=\"https:\/\/www.afitecol.com\/?page_id=12065\" class=\"more-link\">Continuar leyendo<span class=\"screen-reader-text\"> \u00abDec\u00e1logo\u00bb<\/span><\/a><\/p>\n","protected":false},"author":1,"featured_media":0,"parent":0,"menu_order":3,"comment_status":"closed","ping_status":"closed","template":"","meta":{"footnotes":""},"class_list":["post-12065","page","type-page","status-publish","hentry"],"_links":{"self":[{"href":"https:\/\/www.afitecol.com\/index.php?rest_route=\/wp\/v2\/pages\/12065"}],"collection":[{"href":"https:\/\/www.afitecol.com\/index.php?rest_route=\/wp\/v2\/pages"}],"about":[{"href":"https:\/\/www.afitecol.com\/index.php?rest_route=\/wp\/v2\/types\/page"}],"author":[{"embeddable":true,"href":"https:\/\/www.afitecol.com\/index.php?rest_route=\/wp\/v2\/users\/1"}],"replies":[{"embeddable":true,"href":"https:\/\/www.afitecol.com\/index.php?rest_route=%2Fwp%2Fv2%2Fcomments&post=12065"}],"version-history":[{"count":8,"href":"https:\/\/www.afitecol.com\/index.php?rest_route=\/wp\/v2\/pages\/12065\/revisions"}],"predecessor-version":[{"id":13738,"href":"https:\/\/www.afitecol.com\/index.php?rest_route=\/wp\/v2\/pages\/12065\/revisions\/13738"}],"wp:attachment":[{"href":"https:\/\/www.afitecol.com\/index.php?rest_route=%2Fwp%2Fv2%2Fmedia&parent=12065"}],"curies":[{"name":"wp","href":"https:\/\/api.w.org\/{rel}","templated":true}]}}