{"id":12063,"date":"2018-05-22T23:18:04","date_gmt":"2018-05-22T23:18:04","guid":{"rendered":"http:\/\/www.afitecol.com\/?page_id=12063"},"modified":"2020-05-15T02:28:39","modified_gmt":"2020-05-15T07:28:39","slug":"sobre-afitecol","status":"publish","type":"page","link":"https:\/\/www.afitecol.com\/?page_id=12063","title":{"rendered":"Sobre Afitecol"},"content":{"rendered":"<p>Este Portal ha sido dise\u00f1ado y est\u00e1 dedicado principalmente a todos los Filatelistas Tem\u00e1ticos Juveniles.<\/p>\n<p>Aqu\u00ed encontrar\u00e1s informaci\u00f3n b\u00e1sica relacionada con el coleccionismo Filat\u00e9lico Tem\u00e1tico o Temafilia.<\/p>\n<h3><span style=\"color: #333333;\">Qu\u00e9 pretende:<\/span><\/h3>\n<ul>\n<li>Fomentar la Filatelia, principalmente entre j\u00f3venes<\/li>\n<li>Promocionar la Filatelia Tem\u00e1tica o Temafilia<\/li>\n<li>Ayudar a mejorar el nivel y la calidad de los Filatelistas Tem\u00e1ticos<\/li>\n<li>Servir de enlace con Asociaciones o Sociedades similares<\/li>\n<\/ul>\n<h3><span style=\"color: #333333;\">C\u00f3mo lo realiza:<\/span><\/h3>\n<ul>\n<li>Impartiendo charlas y conferencias sobre Filatelia y en especial sobre Filatelia Tem\u00e1tica.<\/li>\n<li>Presentando los ni\u00f1os y j\u00f3venes de <strong>AFITECOL<\/strong> a Asociaciones encaminadas hacia la Filatelia Tem\u00e1tica.<\/li>\n<li>Asesorando principalmente a los ni\u00f1os y j\u00f3venes principiantes en la filatelia.<\/li>\n<li>Incluyendo semanalmente un art\u00edculo sobre Filatelia Tem\u00e1tica.<\/li>\n<li>Incluyendo cursos sobre la Filatelia Tem\u00e1tica, denominada Nociones de Filatelia.<\/li>\n<li>Informando sobre actividades o noticias relacionadas con la Filatelia Tem\u00e1tica.<\/li>\n<li>Proporcionando enlaces con temas similares al objeto de la p\u00e1gina.<\/li>\n<li>Proporcionando un espacio de participaci\u00f3n a los visitantes de la p\u00e1gina.<\/li>\n<li>Los art\u00edculos se pueden reproducir, no con fines comerciales, siempre y cuando se cite la fuente y el autor.<\/li>\n<\/ul>\n<h3><span style=\"color: #333333;\"> Si deseas ser uno de los amigos de AFITECOL para: <\/span><\/h3>\n<ul>\n<li><span style=\"color: #333333;\">Recibir noticias de eventos<br \/>\n<\/span><\/li>\n<li><span style=\"color: #333333;\">Contribuir al desarrollo de esta p\u00e1gina web con art\u00edculos de inter\u00e9s, entrevistas, entre otros<\/span><\/li>\n<li><span style=\"color: #333333;\">Compartir con nosotros tus experiencias e ideas<\/span><\/li>\n<li><span style=\"color: #333333;\">y mucho m\u00e1s&#8230;<br \/>\n<\/span><\/li>\n<\/ul>\n<p><span style=\"color: #008000;\"><span style=\"color: #333333;\">Entonces escr\u00edbenos a<\/span><strong> <a href=\"https:\/\/www.afitecol.com\/wp-admin\/glopezj@afitecol.com\">glopezj@afitecol.com<\/a><\/strong><\/span><\/p>\n<p><span style=\"color: #008000;\"><strong>\u00a0<\/strong><\/span><\/p>\n","protected":false},"excerpt":{"rendered":"<p>Este Portal ha sido dise\u00f1ado y est\u00e1 dedicado principalmente a todos los Filatelistas Tem\u00e1ticos Juveniles. Aqu\u00ed encontrar\u00e1s informaci\u00f3n b\u00e1sica relacionada con el coleccionismo Filat\u00e9lico Tem\u00e1tico o Temafilia. Qu\u00e9 pretende: Fomentar la Filatelia, principalmente entre j\u00f3venes Promocionar la Filatelia Tem\u00e1tica o Temafilia Ayudar a mejorar el nivel y la calidad de los Filatelistas Tem\u00e1ticos Servir de &hellip; <a href=\"https:\/\/www.afitecol.com\/?page_id=12063\" class=\"more-link\">Continuar leyendo<span class=\"screen-reader-text\"> \u00abSobre Afitecol\u00bb<\/span><\/a><\/p>\n","protected":false},"author":1,"featured_media":0,"parent":0,"menu_order":1,"comment_status":"closed","ping_status":"closed","template":"","meta":{"footnotes":""},"class_list":["post-12063","page","type-page","status-publish","hentry"],"_links":{"self":[{"href":"https:\/\/www.afitecol.com\/index.php?rest_route=\/wp\/v2\/pages\/12063"}],"collection":[{"href":"https:\/\/www.afitecol.com\/index.php?rest_route=\/wp\/v2\/pages"}],"about":[{"href":"https:\/\/www.afitecol.com\/index.php?rest_route=\/wp\/v2\/types\/page"}],"author":[{"embeddable":true,"href":"https:\/\/www.afitecol.com\/index.php?rest_route=\/wp\/v2\/users\/1"}],"replies":[{"embeddable":true,"href":"https:\/\/www.afitecol.com\/index.php?rest_route=%2Fwp%2Fv2%2Fcomments&post=12063"}],"version-history":[{"count":8,"href":"https:\/\/www.afitecol.com\/index.php?rest_route=\/wp\/v2\/pages\/12063\/revisions"}],"predecessor-version":[{"id":13736,"href":"https:\/\/www.afitecol.com\/index.php?rest_route=\/wp\/v2\/pages\/12063\/revisions\/13736"}],"wp:attachment":[{"href":"https:\/\/www.afitecol.com\/index.php?rest_route=%2Fwp%2Fv2%2Fmedia&parent=12063"}],"curies":[{"name":"wp","href":"https:\/\/api.w.org\/{rel}","templated":true}]}}