{"id":12060,"date":"2018-05-22T23:16:34","date_gmt":"2018-05-22T23:16:34","guid":{"rendered":"http:\/\/www.afitecol.com\/?page_id=12060"},"modified":"2022-01-06T11:09:40","modified_gmt":"2022-01-06T16:09:40","slug":"enlaces1","status":"publish","type":"page","link":"https:\/\/www.afitecol.com\/?page_id=12060","title":{"rendered":"Enlaces"},"content":{"rendered":"<p><strong>ASOCIACIONES, CLUBES, SOCIEDADES, FEDERACIONES FILAT\u00c9LICAS<\/strong><\/p>\n<p><a href=\"http:\/\/www.afsc.org.br\/\"><strong>Asociaci\u00f3n<\/strong> Filat\u00e9lica y Numism\u00e1tica de Santa Catarina<\/a> (Associa\u00e7\u00e3o Filat\u00e9lica e Numism\u00e1tica de Santa Catarina)<\/p>\n<p><a href=\"http:\/\/cerclecatcol.blogspot.com\/\" target=\"_blank\" rel=\"noopener noreferrer\">CERCLE<\/a> (Cercle Catal\u00e0 de-coleccionisme)<\/p>\n<p><a href=\"http:\/\/boards1.melodysoft.com\/filatelia\/1.html\" target=\"_blank\" rel=\"noopener noreferrer\">FITA<\/a> Asociaci\u00f3n Filat\u00e9lica Tem\u00e1tica Argentina<\/p>\n<p><a href=\"https:\/\/www.filateliaargentina.com.ar\/\">FILATELIA ARGENTINA<\/a> (Argentina)<\/p>\n<p><a href=\"http:\/\/www.fesofi.es\/Paginas\/Enlaces\/Enlaces2.htm\">FESOFI<\/a> Federaci\u00f3n Espa\u00f1ola de Sociedades Filat\u00e9licas<\/p>\n<p><a href=\"http:\/\/www.upu.int\/faq\/en\/index.shtml\">UPU<\/a> Uni\u00f3n Postal Universal (Universal Postal Union)<\/p>\n<p><a href=\"https:\/\/www.clubfilatelicobogota.org\/\"><strong>Club Filat\u00e9lico de Bogot\u00e1 &#8211; CFB<\/strong><\/a><\/p>\n<p><strong><a href=\"https:\/\/o-filatelista.blogspot.com\/\">El Filatelista &#8211; O filatelista<\/a> (Portugal)<\/strong><\/p>\n<p><a href=\"http:\/\/www.fiaf-filatelia.com\" target=\"_blank\" rel=\"noopener noreferrer\">FIAF<\/a> (Federaci\u00f3n Interamericana de Filatelia)<\/p>\n<p><a href=\"http:\/\/www.stamps.org\/\">Sociedad Filat\u00e9lica Americana<\/a> (American Philatelic Society)<\/p>\n<p><a href=\"http:\/\/www.asfiza.es\/\">Sociedad Filat\u00e9lica Zaragozana Gregorio Sierra<\/a> (Espa\u00f1a)<\/p>\n<p><a href=\"http:\/\/filateliaguardesa.blogspot.com\/\">Sociedad Filat\u00e9lica e Numism\u00e1tica Guardesa<\/a> (Espa\u00f1a)<\/p>\n<p><a href=\"http:\/\/es.groups.yahoo.com\/group\/sofima\/\">SOFIMA<\/a> (Sociedad Filat\u00e9lica de Maracaibo)<\/p>\n<p><strong>CORREOS (Pa\u00edses Miembros UPAEP)<\/strong><\/p>\n<p><a href=\"http:\/\/www.npostna.com\/\">Antillas Holandesas<\/a><br \/>\n<a href=\"http:\/\/www.correoargentino.com.ar\/\">Argentina<\/a><br \/>\n<a href=\"http:\/\/www.bahamas.gov.bs\/bahamasweb2\/home.nsf\/vContentW\/9AC124EAB454D02D852573A00061A357\">Bahamas<\/a><br \/>\n<a href=\"http:\/\/bps.gov.bb\/default.php\">Barbados<\/a><br \/>\n<a href=\"http:\/\/www.correosbolivia.com\/\">Bolivia<\/a><br \/>\n<a href=\"http:\/\/www.correios.com.br\/\">Brasil<\/a><br \/>\n<a href=\"http:\/\/www.canadapost.ca\/cpo\/mc\/default.jsf?LOCALE=en\">Canad\u00e1<\/a><br \/>\n<a href=\"https:\/\/www.correos.cl\/\">Chile<\/a><br \/>\n<a href=\"http:\/\/www.4-72.com.co\/\" target=\"_blank\" rel=\"noopener noreferrer\">Colombia<\/a><br \/>\n<a href=\"http:\/\/www.correos.go.cr\/\">Costa Rica<\/a><br \/>\n<a href=\"http:\/\/www.ecured.cu\/index.php\/Correos_de_Cuba\" target=\"_blank\" rel=\"noopener noreferrer\">Cuba<\/a><br \/>\n<a href=\"http:\/\/www.correosdelecuador.com.ec\/\">Ecuador<\/a><br \/>\n<a href=\"http:\/\/www.correos.es\/dinamic\/plantillas\/home1.asp\">Espa\u00f1a<\/a><br \/>\n<a href=\"http:\/\/www.usps.com\/\">Estados Unidos<\/a><br \/>\n<a href=\"https:\/\/www.facebook.com\/pages\/Guyana-Post-Office-Cooperation\/216789248439750\"><strong>Guyana<\/strong><\/a><br \/>\n<a href=\"http:\/\/www.correos.gob.sv\/\" target=\"_blank\" rel=\"noopener noreferrer\">El Salvador<\/a><br \/>\n<a href=\"http:\/\/www.elcorreo.com.gt\/elcorreo\/index.php\">Guatemala<\/a><br \/>\n<a href=\"https:\/\/honducor.gob.hn\"><strong>Honduras<\/strong><\/a><br \/>\n<a href=\"http:\/\/www.jamaicapost.gov.jm\/\">Jamaica<\/a><br \/>\n<a href=\"http:\/\/www.sepomex.gob.mx\/\">M\u00e9xico<\/a><br \/>\n<a href=\"http:\/\/www.correos.gob.ni\" target=\"_blank\" rel=\"noopener noreferrer\">Nicaragua<\/a><br \/>\n<a href=\"http:\/\/www.panamatramita.gob.pa\/institucion\/direcci\u00f3n-general-de-correos-y-tel\u00e9grafos\" target=\"_blank\" rel=\"noopener noreferrer\">Panam\u00e1<\/a><br \/>\n<a href=\"http:\/\/www.correoparaguayo.gov.py\/\">Paraguay<\/a><br \/>\n<a href=\"http:\/\/www.serpost.com.pe\/\">Per\u00fa<\/a><br \/>\n<a href=\"http:\/\/www.ctt.pt\/fectt\/wcmservlet\/ctt\/landingpage.html\" target=\"_blank\" rel=\"noopener noreferrer\">Portugal<\/a><br \/>\n<a href=\"http:\/\/www.inposdom.gob.do\" target=\"_blank\" rel=\"noopener noreferrer\">Rep\u00fablica Dominicana<\/a><br \/>\n<a href=\"http:\/\/www.surpost.com\/surpost2\/index.php\">Surinam<\/a><br \/>\n<a href=\"http:\/\/www.correo.com.uy\/\">Uruguay<\/a><br \/>\n<a href=\"http:\/\/www.ipostel.gob.ve\/\" target=\"_blank\" rel=\"noopener noreferrer\">Venezuela<\/a><br \/>\n<a href=\"http:\/\/unstamps.un.org\/UNPACommerce\/de\/index.jsp\">Administraci\u00f3n Postal Naciones Unidas<\/a> (United Nations Postal Administration)<\/p>\n<p><span style=\"font-weight: bold;\">TEM\u00c1TICAS<\/span><\/p>\n<p>Tema: <a href=\"https:\/\/geophilately2.blogspot.com\/\">Geograf\u00eda en la Filatelia<\/a>. Barcelona<\/p>\n<p>Tema: <a href=\"http:\/\/eduportstamps.blogspot.com\/\">Cruz Roja<\/a>. Colecci\u00f3n privada de estampillas<\/p>\n<p>Tema: <a href=\"http:\/\/lascopasdelmundo.homestead.com\/colecionista.html\">Las copas del mundo<\/a>.\u00a0 Colecci\u00f3n privada<\/p>\n<p>Tema: <a href=\"http:\/\/www.grupopodium.com.ar\/\">Deportes Universales<\/a> y\/ o Juegos Ol\u00edmpicos<\/p>\n<p>Tema: <a href=\"http:\/\/www.telecable.es\/personales\/ricky00\/index.htm\">Premios Nobel en la filatelia<\/a>. Sellos dedicados a sus personajes<\/p>\n<p>Tema:<a href=\"http:\/\/upaep.filatelia.free.fr\" target=\"_blank\" rel=\"noopener noreferrer\"> Am\u00e9rica-UPAEP<\/a><\/p>\n<p>Tema:\u00a0<a href=\"http:\/\/rl154.cl.tripod.com\/pfilatelia.htm\" target=\"_blank\" rel=\"noopener noreferrer\">Filatelia Mas\u00f3nica<\/a><\/p>\n<p>Tema: <a href=\"http:\/\/breiz.positive.pagesperso-orange.fr\/espagnol.htm\" target=\"_blank\" rel=\"noopener noreferrer\">Filatelia y Patrimonio Mundial<\/a><\/p>\n<p>Tema: <a href=\"http:\/\/www.cueronet.com\/filatelia.htm\" target=\"_blank\" rel=\"noopener noreferrer\">Mundo del Cuero<\/a><\/p>\n<p><span style=\"font-weight: bold;\">OTROS<\/span><\/p>\n<p><a href=\"http:\/\/www.snap-dragon.com\/first_issues.htm\">Club Primeras Emisiones de Estampillas del Mundo<\/a> (First Issues Collectors Club)<\/p>\n<p><a href=\"http:\/\/www.cefibol.com\/\">Filatelia de Bolivia<\/a><\/p>\n<p><a href=\"http:\/\/www.filateliavitoria.net\/index.php?main_page=index&amp;cPath=240_3216_3296\">Filatelia Victoria<\/a><\/p>\n<p><a href=\"http:\/\/www.jornaldocolecionador.blogspot.com\/\">Jornal do Colecionador<\/a><\/p>\n","protected":false},"excerpt":{"rendered":"<p>ASOCIACIONES, CLUBES, SOCIEDADES, FEDERACIONES FILAT\u00c9LICAS Asociaci\u00f3n Filat\u00e9lica y Numism\u00e1tica de Santa Catarina (Associa\u00e7\u00e3o Filat\u00e9lica e Numism\u00e1tica de Santa Catarina) CERCLE (Cercle Catal\u00e0 de-coleccionisme) FITA Asociaci\u00f3n Filat\u00e9lica Tem\u00e1tica Argentina FILATELIA ARGENTINA (Argentina) FESOFI Federaci\u00f3n Espa\u00f1ola de Sociedades Filat\u00e9licas UPU Uni\u00f3n Postal Universal (Universal Postal Union) Club Filat\u00e9lico de Bogot\u00e1 &#8211; CFB El Filatelista &#8211; O filatelista &hellip; <a href=\"https:\/\/www.afitecol.com\/?page_id=12060\" class=\"more-link\">Continuar leyendo<span class=\"screen-reader-text\"> \u00abEnlaces\u00bb<\/span><\/a><\/p>\n","protected":false},"author":1,"featured_media":0,"parent":0,"menu_order":2,"comment_status":"closed","ping_status":"closed","template":"","meta":{"footnotes":""},"class_list":["post-12060","page","type-page","status-publish","hentry"],"_links":{"self":[{"href":"https:\/\/www.afitecol.com\/index.php?rest_route=\/wp\/v2\/pages\/12060"}],"collection":[{"href":"https:\/\/www.afitecol.com\/index.php?rest_route=\/wp\/v2\/pages"}],"about":[{"href":"https:\/\/www.afitecol.com\/index.php?rest_route=\/wp\/v2\/types\/page"}],"author":[{"embeddable":true,"href":"https:\/\/www.afitecol.com\/index.php?rest_route=\/wp\/v2\/users\/1"}],"replies":[{"embeddable":true,"href":"https:\/\/www.afitecol.com\/index.php?rest_route=%2Fwp%2Fv2%2Fcomments&post=12060"}],"version-history":[{"count":15,"href":"https:\/\/www.afitecol.com\/index.php?rest_route=\/wp\/v2\/pages\/12060\/revisions"}],"predecessor-version":[{"id":15657,"href":"https:\/\/www.afitecol.com\/index.php?rest_route=\/wp\/v2\/pages\/12060\/revisions\/15657"}],"wp:attachment":[{"href":"https:\/\/www.afitecol.com\/index.php?rest_route=%2Fwp%2Fv2%2Fmedia&parent=12060"}],"curies":[{"name":"wp","href":"https:\/\/api.w.org\/{rel}","templated":true}]}}